{"id":8046,"date":"2025-10-16T16:23:27","date_gmt":"2025-10-16T16:23:27","guid":{"rendered":"https:\/\/desenvolvimentoweb.pt\/elp\/?page_id=8046"},"modified":"2026-02-24T14:35:22","modified_gmt":"2026-02-24T14:35:22","slug":"servicos","status":"publish","type":"page","link":"https:\/\/desenvolvimentoweb.pt\/elp\/servicos\/","title":{"rendered":"Servi\u00e7os"},"content":{"rendered":"\t\t<div data-elementor-type=\"wp-page\" data-elementor-id=\"8046\" class=\"elementor elementor-8046\" data-elementor-post-type=\"page\">\n\t\t\t\t\t\t<section class=\"elementor-section elementor-top-section elementor-element elementor-element-780e731 elementor-section-boxed elementor-section-height-default elementor-section-height-default\" data-id=\"780e731\" data-element_type=\"section\">\n\t\t\t\t\t\t<div class=\"elementor-container elementor-column-gap-no\">\n\t\t\t\t\t<div class=\"elementor-column elementor-col-100 elementor-top-column elementor-element elementor-element-7b04d0e\" data-id=\"7b04d0e\" data-element_type=\"column\">\n\t\t\t<div class=\"elementor-widget-wrap elementor-element-populated\">\n\t\t\t\t\t\t<section class=\"elementor-section elementor-inner-section elementor-element elementor-element-4c37c06 elementor-section-boxed elementor-section-height-default elementor-section-height-default\" data-id=\"4c37c06\" data-element_type=\"section\">\n\t\t\t\t\t\t<div class=\"elementor-container elementor-column-gap-extended\">\n\t\t\t\t\t<div class=\"elementor-column elementor-col-33 elementor-inner-column elementor-element elementor-element-e2f204e\" data-id=\"e2f204e\" data-element_type=\"column\">\n\t\t\t<div class=\"elementor-widget-wrap elementor-element-populated\">\n\t\t\t\t\t\t<div class=\"elementor-element elementor-element-3ff45f3 elementor-widget elementor-widget-image-box\" data-id=\"3ff45f3\" data-element_type=\"widget\" data-widget_type=\"image-box.default\">\n\t\t\t\t\t<div class=\"elementor-image-box-wrapper\"><div class=\"elementor-image-box-content\"><h3 class=\"elementor-image-box-title\">Obras <br>P\u00fablicas <\/h3><p class=\"elementor-image-box-description\">Executamos projetos de obras p\u00fablicas em diferentes contextos, trabalhando em parceria com munic\u00edpios, IPSS e institui\u00e7\u00f5es nacionais. Garantimos o cumprimento de prazos e normas, assegurando solu\u00e7\u00f5es duradouras e de qualidade.<\/p><\/div><\/div>\t\t\t\t<\/div>\n\t\t\t\t<div class=\"elementor-element elementor-element-9111da9 elementor-align-right elementor-widget elementor-widget-button\" data-id=\"9111da9\" data-element_type=\"widget\" data-widget_type=\"button.default\">\n\t\t\t\t\t\t\t\t\t\t<a class=\"elementor-button elementor-button-link elementor-size-sm\" href=\"https:\/\/desenvolvimentoweb.pt\/elp\/servicos\/obras-publicas\/\">\n\t\t\t\t\t\t<span class=\"elementor-button-content-wrapper\">\n\t\t\t\t\t\t\t\t\t<span class=\"elementor-button-text\">Saiba Mais<\/span>\n\t\t\t\t\t<\/span>\n\t\t\t\t\t<\/a>\n\t\t\t\t\t\t\t\t<\/div>\n\t\t\t\t\t<\/div>\n\t\t<\/div>\n\t\t\t\t<div class=\"elementor-column elementor-col-33 elementor-inner-column elementor-element elementor-element-1c44802\" data-id=\"1c44802\" data-element_type=\"column\">\n\t\t\t<div class=\"elementor-widget-wrap elementor-element-populated\">\n\t\t\t\t\t\t<div class=\"elementor-element elementor-element-c48d462 elementor-widget elementor-widget-image-box\" data-id=\"c48d462\" data-element_type=\"widget\" data-widget_type=\"image-box.default\">\n\t\t\t\t\t<div class=\"elementor-image-box-wrapper\"><div class=\"elementor-image-box-content\"><h3 class=\"elementor-image-box-title\">Reabilita\u00e7\u00e3o <br>de Edif\u00edcios<\/h3><p class=\"elementor-image-box-description\">Dedicamo-nos \u00e0 reabilita\u00e7\u00e3o e recupera\u00e7\u00e3o de edif\u00edcios, preservando o patrim\u00f3nio e adaptando-o \u00e0s necessidades atuais. Unimos tradi\u00e7\u00e3o e inova\u00e7\u00e3o, respeitando a hist\u00f3ria de cada espa\u00e7o e acrescentando valor ao futuro.<\/p><\/div><\/div>\t\t\t\t<\/div>\n\t\t\t\t<div class=\"elementor-element elementor-element-86714c3 elementor-align-right elementor-widget elementor-widget-button\" data-id=\"86714c3\" data-element_type=\"widget\" data-widget_type=\"button.default\">\n\t\t\t\t\t\t\t\t\t\t<a class=\"elementor-button elementor-button-link elementor-size-sm\" href=\"https:\/\/desenvolvimentoweb.pt\/elp\/servicos\/reabilitacao-de-edificios\/\">\n\t\t\t\t\t\t<span class=\"elementor-button-content-wrapper\">\n\t\t\t\t\t\t\t\t\t<span class=\"elementor-button-text\">Saiba Mais<\/span>\n\t\t\t\t\t<\/span>\n\t\t\t\t\t<\/a>\n\t\t\t\t\t\t\t\t<\/div>\n\t\t\t\t\t<\/div>\n\t\t<\/div>\n\t\t\t\t<div class=\"elementor-column elementor-col-33 elementor-inner-column elementor-element elementor-element-60c282b\" data-id=\"60c282b\" data-element_type=\"column\">\n\t\t\t<div class=\"elementor-widget-wrap elementor-element-populated\">\n\t\t\t\t\t\t<div class=\"elementor-element elementor-element-467e05d elementor-widget elementor-widget-image-box\" data-id=\"467e05d\" data-element_type=\"widget\" data-widget_type=\"image-box.default\">\n\t\t\t\t\t<div class=\"elementor-image-box-wrapper\"><div class=\"elementor-image-box-content\"><h3 class=\"elementor-image-box-title\">Manuten\u00e7\u00e3o e  <br>Conserva\u00e7\u00e3o<\/h3><p class=\"elementor-image-box-description\">Prestamos servi\u00e7os de manuten\u00e7\u00e3o e conserva\u00e7\u00e3o de infraestruturas, assegurando que os edif\u00edcios e espa\u00e7os p\u00fablicos permanecem funcionais, seguros e atrativos ao longo do tempo.<\/p><\/div><\/div>\t\t\t\t<\/div>\n\t\t\t\t<div class=\"elementor-element elementor-element-2dd7108 elementor-align-right elementor-widget elementor-widget-button\" data-id=\"2dd7108\" data-element_type=\"widget\" data-widget_type=\"button.default\">\n\t\t\t\t\t\t\t\t\t\t<a class=\"elementor-button elementor-button-link elementor-size-sm\" href=\"https:\/\/desenvolvimentoweb.pt\/elp\/servicos\/manutencao-e-conservacao\/\">\n\t\t\t\t\t\t<span class=\"elementor-button-content-wrapper\">\n\t\t\t\t\t\t\t\t\t<span class=\"elementor-button-text\">Saiba Mais<\/span>\n\t\t\t\t\t<\/span>\n\t\t\t\t\t<\/a>\n\t\t\t\t\t\t\t\t<\/div>\n\t\t\t\t\t<\/div>\n\t\t<\/div>\n\t\t\t\t\t<\/div>\n\t\t<\/section>\n\t\t\t\t<section class=\"elementor-section elementor-inner-section elementor-element elementor-element-cb5aa3c elementor-section-boxed elementor-section-height-default elementor-section-height-default\" data-id=\"cb5aa3c\" data-element_type=\"section\">\n\t\t\t\t\t\t<div class=\"elementor-container elementor-column-gap-extended\">\n\t\t\t\t\t<div class=\"elementor-column elementor-col-33 elementor-inner-column elementor-element elementor-element-1b0c312\" data-id=\"1b0c312\" data-element_type=\"column\">\n\t\t\t<div class=\"elementor-widget-wrap elementor-element-populated\">\n\t\t\t\t\t\t<div class=\"elementor-element elementor-element-173f697 elementor-widget elementor-widget-image-box\" data-id=\"173f697\" data-element_type=\"widget\" data-widget_type=\"image-box.default\">\n\t\t\t\t\t<div class=\"elementor-image-box-wrapper\"><div class=\"elementor-image-box-content\"><h3 class=\"elementor-image-box-title\">Planeamento <\/br>e Gest\u00e3o<\/h3><p class=\"elementor-image-box-description\">Apoiamos todo o ciclo de vida do projeto atrav\u00e9s de planeamento e gest\u00e3o rigorosa, garantindo efici\u00eancia, controlo or\u00e7amental e otimiza\u00e7\u00e3o de recursos.<\/p><\/div><\/div>\t\t\t\t<\/div>\n\t\t\t\t<div class=\"elementor-element elementor-element-ac44355 elementor-align-right elementor-widget elementor-widget-button\" data-id=\"ac44355\" data-element_type=\"widget\" data-widget_type=\"button.default\">\n\t\t\t\t\t\t\t\t\t\t<a class=\"elementor-button elementor-button-link elementor-size-sm\" href=\"https:\/\/desenvolvimentoweb.pt\/elp\/servicos\/planeamento-e-gestao\/\">\n\t\t\t\t\t\t<span class=\"elementor-button-content-wrapper\">\n\t\t\t\t\t\t\t\t\t<span class=\"elementor-button-text\">Saiba Mais<\/span>\n\t\t\t\t\t<\/span>\n\t\t\t\t\t<\/a>\n\t\t\t\t\t\t\t\t<\/div>\n\t\t\t\t\t<\/div>\n\t\t<\/div>\n\t\t\t\t<div class=\"elementor-column elementor-col-33 elementor-inner-column elementor-element elementor-element-a510f09\" data-id=\"a510f09\" data-element_type=\"column\">\n\t\t\t<div class=\"elementor-widget-wrap elementor-element-populated\">\n\t\t\t\t\t\t<div class=\"elementor-element elementor-element-d2e48a3 elementor-widget elementor-widget-image-box\" data-id=\"d2e48a3\" data-element_type=\"widget\" data-widget_type=\"image-box.default\">\n\t\t\t\t\t<div class=\"elementor-image-box-wrapper\"><div class=\"elementor-image-box-content\"><h3 class=\"elementor-image-box-title\">Estruturas e <\/br>Funda\u00e7\u00f5es<\/h3><p class=\"elementor-image-box-description\">Especializamo-nos na execu\u00e7\u00e3o de estruturas e funda\u00e7\u00f5es, oferecendo solu\u00e7\u00f5es t\u00e9cnicas robustas e seguras, essenciais para a durabilidade e resist\u00eancia de qualquer obra.<\/p><\/div><\/div>\t\t\t\t<\/div>\n\t\t\t\t<div class=\"elementor-element elementor-element-52be719 elementor-align-right elementor-widget elementor-widget-button\" data-id=\"52be719\" data-element_type=\"widget\" data-widget_type=\"button.default\">\n\t\t\t\t\t\t\t\t\t\t<a class=\"elementor-button elementor-button-link elementor-size-sm\" href=\"https:\/\/desenvolvimentoweb.pt\/elp\/servicos\/estrutura-e-fundacoes\/\">\n\t\t\t\t\t\t<span class=\"elementor-button-content-wrapper\">\n\t\t\t\t\t\t\t\t\t<span class=\"elementor-button-text\">Saiba Mais<\/span>\n\t\t\t\t\t<\/span>\n\t\t\t\t\t<\/a>\n\t\t\t\t\t\t\t\t<\/div>\n\t\t\t\t\t<\/div>\n\t\t<\/div>\n\t\t\t\t<div class=\"elementor-column elementor-col-33 elementor-inner-column elementor-element elementor-element-ee17ff2\" data-id=\"ee17ff2\" data-element_type=\"column\">\n\t\t\t<div class=\"elementor-widget-wrap\">\n\t\t\t\t\t\t\t<\/div>\n\t\t<\/div>\n\t\t\t\t\t<\/div>\n\t\t<\/section>\n\t\t\t\t\t<\/div>\n\t\t<\/div>\n\t\t\t\t\t<\/div>\n\t\t<\/section>\n\t\t\t\t<section class=\"elementor-section elementor-top-section elementor-element elementor-element-29b72589 elementor-hidden-desktop elementor-hidden-tablet elementor-hidden-mobile elementor-section-boxed elementor-section-height-default elementor-section-height-default\" data-id=\"29b72589\" data-element_type=\"section\">\n\t\t\t\t\t\t\t<div class=\"elementor-background-overlay\"><\/div>\n\t\t\t\t\t\t\t<div class=\"elementor-container elementor-column-gap-wide\">\n\t\t\t\t\t<div class=\"elementor-column elementor-col-50 elementor-top-column elementor-element elementor-element-12cd1b12\" data-id=\"12cd1b12\" data-element_type=\"column\">\n\t\t\t<div class=\"elementor-widget-wrap elementor-element-populated\">\n\t\t\t\t\t\t<div class=\"elementor-element elementor-element-21cd1c59 elementor-widget elementor-widget-heading\" data-id=\"21cd1c59\" data-element_type=\"widget\" data-widget_type=\"heading.default\">\n\t\t\t\t\t<h2 class=\"elementor-heading-title elementor-size-xxl\">Servi\u00e7os<\/h2>\t\t\t\t<\/div>\n\t\t\t\t<div class=\"elementor-element elementor-element-471299db elementor-widget__width-initial elementor-widget elementor-widget-heading\" data-id=\"471299db\" data-element_type=\"widget\" data-widget_type=\"heading.default\">\n\t\t\t\t\t<h3 class=\"elementor-heading-title elementor-size-default\">Colocamos \u00e0 disposi\u00e7\u00e3o dos nossos clientes uma oferta diversificada de servi\u00e7os no setor da constru\u00e7\u00e3o civil.<\/h3>\t\t\t\t<\/div>\n\t\t\t\t\t<\/div>\n\t\t<\/div>\n\t\t\t\t<div class=\"elementor-column elementor-col-50 elementor-top-column elementor-element elementor-element-fdc6210 elementor-hidden-tablet elementor-hidden-phone\" data-id=\"fdc6210\" data-element_type=\"column\">\n\t\t\t<div class=\"elementor-widget-wrap\">\n\t\t\t\t\t\t\t<\/div>\n\t\t<\/div>\n\t\t\t\t\t<\/div>\n\t\t<\/section>\n\t\t\t\t<section class=\"elementor-section elementor-top-section elementor-element elementor-element-ee39b70 elementor-hidden-desktop elementor-hidden-tablet elementor-hidden-mobile elementor-section-boxed elementor-section-height-default elementor-section-height-default\" data-id=\"ee39b70\" data-element_type=\"section\">\n\t\t\t\t\t\t<div class=\"elementor-container elementor-column-gap-default\">\n\t\t\t\t\t<div class=\"elementor-column elementor-col-100 elementor-top-column elementor-element elementor-element-1ad3536\" data-id=\"1ad3536\" data-element_type=\"column\">\n\t\t\t<div class=\"elementor-widget-wrap elementor-element-populated\">\n\t\t\t\t\t\t<div class=\"elementor-element elementor-element-85a6f64 elementor-widget elementor-widget-text-editor\" data-id=\"85a6f64\" data-element_type=\"widget\" data-widget_type=\"text-editor.default\">\n\t\t\t\t\t\t\t\t\t<h3><b>Obras P\u00fablicas<\/b><\/h3><p>Executamos projetos de <b>obras p\u00fablicas<\/b> em diferentes contextos, trabalhando em parceria com munic\u00edpios, IPSS e institui\u00e7\u00f5es nacionais. Garantimos o cumprimento de prazos e normas, assegurando solu\u00e7\u00f5es duradouras e de qualidade.<\/p><h3><b>Reabilita\u00e7\u00e3o de Edif\u00edcios<\/b><\/h3><p>Dedicamo-nos \u00e0 <b>reabilita\u00e7\u00e3o e recupera\u00e7\u00e3o de edif\u00edcios<\/b>, preservando o patrim\u00f3nio e adaptando-o \u00e0s necessidades atuais. Unimos tradi\u00e7\u00e3o e inova\u00e7\u00e3o, respeitando a hist\u00f3ria de cada espa\u00e7o e acrescentando valor ao futuro.<\/p><h3><b>Manuten\u00e7\u00e3o e Conserva\u00e7\u00e3o<\/b><\/h3><p>Prestamos servi\u00e7os de <b>manuten\u00e7\u00e3o e conserva\u00e7\u00e3o<\/b> de infraestruturas, assegurando que os edif\u00edcios e espa\u00e7os p\u00fablicos permanecem funcionais, seguros e atrativos ao longo do tempo.<\/p><h3><b>Planeamento e Gest\u00e3o<\/b><\/h3><p>Apoiamos todo o ciclo de vida do projeto atrav\u00e9s de <b>planeamento e gest\u00e3o rigorosa<\/b>, garantindo efici\u00eancia, controlo or\u00e7amental e otimiza\u00e7\u00e3o de recursos.<\/p><h3><b>Estrutura e Funda\u00e7\u00f5es<\/b><\/h3><p>Especializamo-nos na execu\u00e7\u00e3o de <b>estruturas e funda\u00e7\u00f5es<\/b>, oferecendo solu\u00e7\u00f5es t\u00e9cnicas robustas e seguras, essenciais para a durabilidade e resist\u00eancia de qualquer obra.<\/p>\t\t\t\t\t\t\t\t<\/div>\n\t\t\t\t\t<\/div>\n\t\t<\/div>\n\t\t\t\t\t<\/div>\n\t\t<\/section>\n\t\t\t\t<section class=\"elementor-section elementor-top-section elementor-element elementor-element-dad6c71 elementor-hidden-desktop elementor-hidden-tablet elementor-hidden-mobile elementor-section-boxed elementor-section-height-default elementor-section-height-default\" data-id=\"dad6c71\" data-element_type=\"section\" data-settings=\"{&quot;background_background&quot;:&quot;classic&quot;}\">\n\t\t\t\t\t\t<div class=\"elementor-container elementor-column-gap-default\">\n\t\t\t\t\t<div class=\"elementor-column elementor-col-100 elementor-top-column elementor-element elementor-element-ba66ed4\" data-id=\"ba66ed4\" data-element_type=\"column\" data-settings=\"{&quot;background_background&quot;:&quot;classic&quot;}\">\n\t\t\t<div class=\"elementor-widget-wrap elementor-element-populated\">\n\t\t\t\t\t\t<section class=\"elementor-section elementor-inner-section elementor-element elementor-element-6e73bc2 elementor-section-boxed elementor-section-height-default elementor-section-height-default elementor-invisible\" data-id=\"6e73bc2\" data-element_type=\"section\" data-settings=\"{&quot;animation&quot;:&quot;fadeIn&quot;}\">\n\t\t\t\t\t\t<div class=\"elementor-container elementor-column-gap-default\">\n\t\t\t\t\t<div class=\"elementor-column elementor-col-66 elementor-inner-column elementor-element elementor-element-7211f1a\" data-id=\"7211f1a\" data-element_type=\"column\" data-settings=\"{&quot;background_background&quot;:&quot;classic&quot;}\">\n\t\t\t<div class=\"elementor-widget-wrap elementor-element-populated\">\n\t\t\t\t\t\t<div class=\"elementor-element elementor-element-2d0e1d2 elementor-widget elementor-widget-heading\" data-id=\"2d0e1d2\" data-element_type=\"widget\" data-widget_type=\"heading.default\">\n\t\t\t\t\t<h2 class=\"elementor-heading-title elementor-size-xl\">ELP Any Trade<\/h2>\t\t\t\t<\/div>\n\t\t\t\t<div class=\"elementor-element elementor-element-0e3d7f9 elementor-widget elementor-widget-heading\" data-id=\"0e3d7f9\" data-element_type=\"widget\" data-widget_type=\"heading.default\">\n\t\t\t\t\t<h3 class=\"elementor-heading-title elementor-size-default\">Somos especializada em obras p\u00fablicas, reabilita\u00e7\u00e3o e manuten\u00e7\u00e3o. Com experi\u00eancia comprovada e uma equipa dedicada, garantimos qualidade e rigor.<\/h3>\t\t\t\t<\/div>\n\t\t\t\t<div class=\"elementor-element elementor-element-8e10d8c elementor-align-left elementor-widget elementor-widget-button\" data-id=\"8e10d8c\" data-element_type=\"widget\" data-widget_type=\"button.default\">\n\t\t\t\t\t\t\t\t\t\t<a class=\"elementor-button elementor-button-link elementor-size-sm\" href=\"https:\/\/desenvolvimentoweb.pt\/elp\/contactos\/\">\n\t\t\t\t\t\t<span class=\"elementor-button-content-wrapper\">\n\t\t\t\t\t\t\t\t\t<span class=\"elementor-button-text\">Fale Connosco<\/span>\n\t\t\t\t\t<\/span>\n\t\t\t\t\t<\/a>\n\t\t\t\t\t\t\t\t<\/div>\n\t\t\t\t\t<\/div>\n\t\t<\/div>\n\t\t\t\t<div class=\"elementor-column elementor-col-33 elementor-inner-column elementor-element elementor-element-cda80b5 elementor-hidden-phone\" data-id=\"cda80b5\" data-element_type=\"column\">\n\t\t\t<div class=\"elementor-widget-wrap\">\n\t\t\t\t\t\t\t<\/div>\n\t\t<\/div>\n\t\t\t\t\t<\/div>\n\t\t<\/section>\n\t\t\t\t\t<\/div>\n\t\t<\/div>\n\t\t\t\t\t<\/div>\n\t\t<\/section>\n\t\t\t\t<\/div>\n\t\t","protected":false},"excerpt":{"rendered":"<div class=\"tmnf_excerpt\"><p>Obras P\u00fablicas Executamos projetos de obras p\u00fablicas em diferentes contextos, trabalhando em parceria com munic\u00edpios, IPSS e institui\u00e7\u00f5es nacionais. Garantimos o cumprimento de prazos e normas, assegurando solu\u00e7\u00f5es duradouras e de qualidade. Saiba Mais Reabilita\u00e7\u00e3o de Edif\u00edcios Dedicamo-nos \u00e0 reabilita\u00e7\u00e3o e recupera\u00e7\u00e3o de edif\u00edcios, preservando o patrim\u00f3nio e adaptando-o \u00e0s necessidades atuais. Unimos tradi\u00e7\u00e3o e &hellip;<\/p>\n<\/div>","protected":false},"author":2,"featured_media":0,"parent":0,"menu_order":0,"comment_status":"closed","ping_status":"closed","template":"elementor_header_footer","meta":{"footnotes":""},"class_list":["post-8046","page","type-page","status-publish","hentry"],"_links":{"self":[{"href":"https:\/\/desenvolvimentoweb.pt\/elp\/wp-json\/wp\/v2\/pages\/8046","targetHints":{"allow":["GET"]}}],"collection":[{"href":"https:\/\/desenvolvimentoweb.pt\/elp\/wp-json\/wp\/v2\/pages"}],"about":[{"href":"https:\/\/desenvolvimentoweb.pt\/elp\/wp-json\/wp\/v2\/types\/page"}],"author":[{"embeddable":true,"href":"https:\/\/desenvolvimentoweb.pt\/elp\/wp-json\/wp\/v2\/users\/2"}],"replies":[{"embeddable":true,"href":"https:\/\/desenvolvimentoweb.pt\/elp\/wp-json\/wp\/v2\/comments?post=8046"}],"version-history":[{"count":26,"href":"https:\/\/desenvolvimentoweb.pt\/elp\/wp-json\/wp\/v2\/pages\/8046\/revisions"}],"predecessor-version":[{"id":8176,"href":"https:\/\/desenvolvimentoweb.pt\/elp\/wp-json\/wp\/v2\/pages\/8046\/revisions\/8176"}],"wp:attachment":[{"href":"https:\/\/desenvolvimentoweb.pt\/elp\/wp-json\/wp\/v2\/media?parent=8046"}],"curies":[{"name":"wp","href":"https:\/\/api.w.org\/{rel}","templated":true}]}}