{"id":8036,"date":"2025-10-16T15:35:56","date_gmt":"2025-10-16T15:35:56","guid":{"rendered":"https:\/\/desenvolvimentoweb.pt\/elp\/?page_id=8036"},"modified":"2026-02-25T14:30:56","modified_gmt":"2026-02-25T14:30:56","slug":"sobre-2","status":"publish","type":"page","link":"https:\/\/desenvolvimentoweb.pt\/elp\/sobre-2\/","title":{"rendered":"Quem Somos"},"content":{"rendered":"\t\t<div data-elementor-type=\"wp-page\" data-elementor-id=\"8036\" class=\"elementor elementor-8036\" data-elementor-post-type=\"page\">\n\t\t\t\t\t\t<section class=\"elementor-section elementor-top-section elementor-element elementor-element-e2980fa elementor-section-full_width elementor-section-height-full elementor-section-content-middle elementor-section-height-default elementor-section-items-middle\" data-id=\"e2980fa\" data-element_type=\"section\">\n\t\t\t\t\t\t<div class=\"elementor-container elementor-column-gap-no\">\n\t\t\t\t\t<div class=\"elementor-column elementor-col-100 elementor-top-column elementor-element elementor-element-d9b5277\" data-id=\"d9b5277\" data-element_type=\"column\" data-settings=\"{&quot;background_background&quot;:&quot;classic&quot;}\">\n\t\t\t<div class=\"elementor-widget-wrap elementor-element-populated\">\n\t\t\t\t\t\t<section class=\"elementor-section elementor-inner-section elementor-element elementor-element-71700c9 elementor-section-boxed elementor-section-height-default elementor-section-height-default elementor-invisible\" data-id=\"71700c9\" data-element_type=\"section\" data-settings=\"{&quot;animation&quot;:&quot;fadeIn&quot;}\">\n\t\t\t\t\t\t<div class=\"elementor-container elementor-column-gap-default\">\n\t\t\t\t\t<div class=\"elementor-column elementor-col-66 elementor-inner-column elementor-element elementor-element-34e88d3\" data-id=\"34e88d3\" data-element_type=\"column\" data-settings=\"{&quot;background_background&quot;:&quot;classic&quot;}\">\n\t\t\t<div class=\"elementor-widget-wrap elementor-element-populated\">\n\t\t\t\t\t\t<div class=\"elementor-element elementor-element-34a062e elementor-widget elementor-widget-heading\" data-id=\"34a062e\" data-element_type=\"widget\" data-widget_type=\"heading.default\">\n\t\t\t\t\t<h2 class=\"elementor-heading-title elementor-size-xl\">O Nosso Trabalho<\/h2>\t\t\t\t<\/div>\n\t\t\t\t<div class=\"elementor-element elementor-element-281c6c5 elementor-widget elementor-widget-heading\" data-id=\"281c6c5\" data-element_type=\"widget\" data-widget_type=\"heading.default\">\n\t\t\t\t\t<h3 class=\"elementor-heading-title elementor-size-default\">Atualmente, contamos com experi\u00eancia comprovada em projetos realizados para IPSS, munic\u00edpios e institui\u00e7\u00f5es nacionais, destacando-nos pela seriedade, rigor e compromisso na execu\u00e7\u00e3o de cada obra.\nCom uma equipa dedicada e orientada para resultados, a Elp Any Trade continua a crescer, mantendo o foco na qualidade, inova\u00e7\u00e3o e responsabilidade social em cada projeto que desenvolve.\n<\/h3>\t\t\t\t<\/div>\n\t\t\t\t\t<\/div>\n\t\t<\/div>\n\t\t\t\t<div class=\"elementor-column elementor-col-33 elementor-inner-column elementor-element elementor-element-673776f elementor-hidden-phone\" data-id=\"673776f\" data-element_type=\"column\">\n\t\t\t<div class=\"elementor-widget-wrap\">\n\t\t\t\t\t\t\t<\/div>\n\t\t<\/div>\n\t\t\t\t\t<\/div>\n\t\t<\/section>\n\t\t\t\t\t<\/div>\n\t\t<\/div>\n\t\t\t\t\t<\/div>\n\t\t<\/section>\n\t\t\t\t<section class=\"elementor-section elementor-top-section elementor-element elementor-element-cd54942 elementor-hidden-desktop elementor-hidden-tablet elementor-hidden-mobile elementor-section-boxed elementor-section-height-default elementor-section-height-default\" data-id=\"cd54942\" data-element_type=\"section\">\n\t\t\t\t\t\t<div class=\"elementor-container elementor-column-gap-no\">\n\t\t\t\t\t<div class=\"elementor-column elementor-col-100 elementor-top-column elementor-element elementor-element-080633d\" data-id=\"080633d\" data-element_type=\"column\">\n\t\t\t<div class=\"elementor-widget-wrap elementor-element-populated\">\n\t\t\t\t\t\t<section class=\"elementor-section elementor-inner-section elementor-element elementor-element-b5bab6e elementor-section-boxed elementor-section-height-default elementor-section-height-default\" data-id=\"b5bab6e\" data-element_type=\"section\">\n\t\t\t\t\t\t<div class=\"elementor-container elementor-column-gap-wide\">\n\t\t\t\t\t<div class=\"elementor-column elementor-col-50 elementor-inner-column elementor-element elementor-element-940dac5 elementor-hidden-tablet elementor-hidden-phone\" data-id=\"940dac5\" data-element_type=\"column\">\n\t\t\t<div class=\"elementor-widget-wrap elementor-element-populated\">\n\t\t\t\t\t\t<div class=\"elementor-element elementor-element-54bda8e elementor-widget elementor-widget-image\" data-id=\"54bda8e\" data-element_type=\"widget\" data-widget_type=\"image.default\">\n\t\t\t\t\t\t\t\t\t\t\t\t\t\t\t<img decoding=\"async\" src=\"https:\/\/desenvolvimentoweb.pt\/elp\/wp-content\/uploads\/elementor\/thumbs\/Design-sem-nome-6-rd7mb00oof7mh49onj8hojt7li9fn7rk5zfokc5iwc.jpg\" title=\"Design sem nome (6)\" alt=\"Design sem nome (6)\" loading=\"lazy\" \/>\t\t\t\t\t\t\t\t\t\t\t\t\t\t\t<\/div>\n\t\t\t\t<div class=\"elementor-element elementor-element-229679c elementor-absolute elementor-hidden-phone elementor-widget__width-initial elementor-widget elementor-widget-heading\" data-id=\"229679c\" data-element_type=\"widget\" data-settings=\"{&quot;_position&quot;:&quot;absolute&quot;}\" data-widget_type=\"heading.default\">\n\t\t\t\t\t<h2 class=\"elementor-heading-title elementor-size-default\">.<\/h2>\t\t\t\t<\/div>\n\t\t\t\t\t<\/div>\n\t\t<\/div>\n\t\t\t\t<div class=\"elementor-column elementor-col-50 elementor-inner-column elementor-element elementor-element-59d7165\" data-id=\"59d7165\" data-element_type=\"column\">\n\t\t\t<div class=\"elementor-widget-wrap elementor-element-populated\">\n\t\t\t\t\t\t<div class=\"elementor-element elementor-element-0b431ae elementor-widget elementor-widget-heading\" data-id=\"0b431ae\" data-element_type=\"widget\" data-widget_type=\"heading.default\">\n\t\t\t\t\t<h2 class=\"elementor-heading-title elementor-size-xl\">ELP ANY TRADE<\/h2>\t\t\t\t<\/div>\n\t\t\t\t<div class=\"elementor-element elementor-element-b02f8fc elementor-widget elementor-widget-text-editor\" data-id=\"b02f8fc\" data-element_type=\"widget\" data-widget_type=\"text-editor.default\">\n\t\t\t\t\t\t\t\t\t<p>A <b>Elp Any Trade, Lda<\/b> \u00e9 uma empresa do setor da constru\u00e7\u00e3o civil, sediada na <b>Av. General Norton de Matos, n\u00ba 35, 3\u00ba andar, sala 1<\/b>, com atua\u00e7\u00e3o a n\u00edvel nacional e internacional.<\/p><p><b>A Nossa Hist\u00f3ria<\/b><\/p><p>Fundada em <b>2017<\/b>, a Elp Any Trade nasceu com o prop\u00f3sito de apostar na <b>prospe\u00e7\u00e3o, angaria\u00e7\u00e3o e gest\u00e3o de contratos nacionais e internacionais<\/b>, posicionando-se desde cedo como um parceiro de confian\u00e7a no setor.<\/p><p>Ao longo dos anos, a empresa consolidou a sua experi\u00eancia e know-how, acompanhando as exig\u00eancias do mercado e evoluindo de forma sustentada.<\/p><p>Em <b>2022<\/b>, a Elp Any Trade redefiniu a sua estrat\u00e9gia e passou a direcionar a sua atividade para as <b>obras p\u00fablicas<\/b>, assumindo-se como uma empresa especializada neste segmento.<\/p>\t\t\t\t\t\t\t\t<\/div>\n\t\t\t\t\t<\/div>\n\t\t<\/div>\n\t\t\t\t\t<\/div>\n\t\t<\/section>\n\t\t\t\t\t<\/div>\n\t\t<\/div>\n\t\t\t\t\t<\/div>\n\t\t<\/section>\n\t\t\t\t<\/div>\n\t\t","protected":false},"excerpt":{"rendered":"<div class=\"tmnf_excerpt\"><p>O Nosso Trabalho Atualmente, contamos com experi\u00eancia comprovada em projetos realizados para IPSS, munic\u00edpios e institui\u00e7\u00f5es nacionais, destacando-nos pela seriedade, rigor e compromisso na execu\u00e7\u00e3o de cada obra. Com uma equipa dedicada e orientada para resultados, a Elp Any Trade continua a crescer, mantendo o foco na qualidade, inova\u00e7\u00e3o e responsabilidade social em cada projeto &hellip;<\/p>\n<\/div>","protected":false},"author":1,"featured_media":0,"parent":0,"menu_order":0,"comment_status":"closed","ping_status":"closed","template":"elementor_header_footer","meta":{"footnotes":""},"class_list":["post-8036","page","type-page","status-publish","hentry"],"_links":{"self":[{"href":"https:\/\/desenvolvimentoweb.pt\/elp\/wp-json\/wp\/v2\/pages\/8036","targetHints":{"allow":["GET"]}}],"collection":[{"href":"https:\/\/desenvolvimentoweb.pt\/elp\/wp-json\/wp\/v2\/pages"}],"about":[{"href":"https:\/\/desenvolvimentoweb.pt\/elp\/wp-json\/wp\/v2\/types\/page"}],"author":[{"embeddable":true,"href":"https:\/\/desenvolvimentoweb.pt\/elp\/wp-json\/wp\/v2\/users\/1"}],"replies":[{"embeddable":true,"href":"https:\/\/desenvolvimentoweb.pt\/elp\/wp-json\/wp\/v2\/comments?post=8036"}],"version-history":[{"count":22,"href":"https:\/\/desenvolvimentoweb.pt\/elp\/wp-json\/wp\/v2\/pages\/8036\/revisions"}],"predecessor-version":[{"id":8184,"href":"https:\/\/desenvolvimentoweb.pt\/elp\/wp-json\/wp\/v2\/pages\/8036\/revisions\/8184"}],"wp:attachment":[{"href":"https:\/\/desenvolvimentoweb.pt\/elp\/wp-json\/wp\/v2\/media?parent=8036"}],"curies":[{"name":"wp","href":"https:\/\/api.w.org\/{rel}","templated":true}]}}