{"id":7946,"date":"2025-10-15T08:28:46","date_gmt":"2025-10-15T08:28:46","guid":{"rendered":"https:\/\/desenvolvimentoweb.pt\/elp\/?page_id=7946"},"modified":"2025-10-15T08:29:57","modified_gmt":"2025-10-15T08:29:57","slug":"manutencao-e-conservacao","status":"publish","type":"page","link":"https:\/\/desenvolvimentoweb.pt\/elp\/servicos-old\/manutencao-e-conservacao\/","title":{"rendered":"Manuten\u00e7\u00e3o e Conserva\u00e7\u00e3o"},"content":{"rendered":"\t\t<div data-elementor-type=\"wp-page\" data-elementor-id=\"7946\" class=\"elementor elementor-7946\" data-elementor-post-type=\"page\">\n\t\t\t\t\t\t<section class=\"elementor-section elementor-top-section elementor-element elementor-element-f11bc43 elementor-section-boxed elementor-section-height-default elementor-section-height-default\" data-id=\"f11bc43\" data-element_type=\"section\">\n\t\t\t\t\t\t<div class=\"elementor-container elementor-column-gap-no\">\n\t\t\t\t\t<div class=\"elementor-column elementor-col-50 elementor-top-column elementor-element elementor-element-04def63\" data-id=\"04def63\" data-element_type=\"column\">\n\t\t\t<div class=\"elementor-widget-wrap elementor-element-populated\">\n\t\t\t\t\t\t<div class=\"elementor-element elementor-element-d62d2b6 elementor-widget elementor-widget-sidebar\" data-id=\"d62d2b6\" data-element_type=\"widget\" data-widget_type=\"sidebar.default\">\n\t\t\t\t\t<div class=\"sidebar_item\"><div class=\"menu-servicos-container\"><ul id=\"menu-servicos\" class=\"menu\"><li id=\"menu-item-7989\" class=\"menu-item menu-item-type-post_type menu-item-object-page menu-item-7989\"><a href=\"https:\/\/desenvolvimentoweb.pt\/elp\/servicos-old\/obras-publicas\/\">Obras P\u00fablicas<\/a><\/li>\n<li id=\"menu-item-7988\" class=\"menu-item menu-item-type-post_type menu-item-object-page menu-item-7988\"><a href=\"https:\/\/desenvolvimentoweb.pt\/elp\/servicos-old\/reabilitacao-de-edificios\/\">Reabilita\u00e7\u00e3o de Edif\u00edcios<\/a><\/li>\n<li id=\"menu-item-7987\" class=\"menu-item menu-item-type-post_type menu-item-object-page menu-item-7987\"><a href=\"https:\/\/desenvolvimentoweb.pt\/elp\/servicos-old\/manutencao-e-conservacao\/\">Manuten\u00e7\u00e3o e Conserva\u00e7\u00e3o<\/a><\/li>\n<li id=\"menu-item-7986\" class=\"menu-item menu-item-type-post_type menu-item-object-page menu-item-7986\"><a href=\"https:\/\/desenvolvimentoweb.pt\/elp\/servicos-old\/planeamento-e-gestao\/\">Planeamento e Gest\u00e3o<\/a><\/li>\n<li id=\"menu-item-7985\" class=\"menu-item menu-item-type-post_type menu-item-object-page menu-item-7985\"><a href=\"https:\/\/desenvolvimentoweb.pt\/elp\/servicos-old\/estrutura-e-fundacoes\/\">Estrutura e Funda\u00e7\u00f5es<\/a><\/li>\n<\/ul><\/div><\/div>\t\t\t\t<\/div>\n\t\t\t\t\t<\/div>\n\t\t<\/div>\n\t\t\t\t<div class=\"elementor-column elementor-col-50 elementor-top-column elementor-element elementor-element-d66487e\" data-id=\"d66487e\" data-element_type=\"column\">\n\t\t\t<div class=\"elementor-widget-wrap elementor-element-populated\">\n\t\t\t\t\t\t<section class=\"elementor-section elementor-inner-section elementor-element elementor-element-a841d4b elementor-section-boxed elementor-section-height-default elementor-section-height-default\" data-id=\"a841d4b\" data-element_type=\"section\">\n\t\t\t\t\t\t<div class=\"elementor-container elementor-column-gap-wide\">\n\t\t\t\t\t<div class=\"elementor-column elementor-col-50 elementor-inner-column elementor-element elementor-element-0c368c7 elementor-hidden-tablet elementor-hidden-phone\" data-id=\"0c368c7\" data-element_type=\"column\">\n\t\t\t<div class=\"elementor-widget-wrap elementor-element-populated\">\n\t\t\t\t\t\t<div class=\"elementor-element elementor-element-3f9c595d elementor-widget elementor-widget-image\" data-id=\"3f9c595d\" data-element_type=\"widget\" data-widget_type=\"image.default\">\n\t\t\t\t\t\t\t\t\t\t\t\t\t\t\t<img decoding=\"async\" src=\"https:\/\/desenvolvimentoweb.pt\/elp\/wp-content\/uploads\/elementor\/thumbs\/2-rd8hlc2i3l2ujs7dnecqhbnh56p96d8ictnguq4iy4.jpg\" title=\"2\" alt=\"2\" loading=\"lazy\" \/>\t\t\t\t\t\t\t\t\t\t\t\t\t\t\t<\/div>\n\t\t\t\t<div class=\"elementor-element elementor-element-78612baa elementor-absolute elementor-hidden-phone elementor-widget__width-initial elementor-widget elementor-widget-heading\" data-id=\"78612baa\" data-element_type=\"widget\" data-settings=\"{&quot;_position&quot;:&quot;absolute&quot;}\" data-widget_type=\"heading.default\">\n\t\t\t\t\t<h2 class=\"elementor-heading-title elementor-size-default\">.<\/h2>\t\t\t\t<\/div>\n\t\t\t\t\t<\/div>\n\t\t<\/div>\n\t\t\t\t<div class=\"elementor-column elementor-col-50 elementor-inner-column elementor-element elementor-element-fcb8b44\" data-id=\"fcb8b44\" data-element_type=\"column\">\n\t\t\t<div class=\"elementor-widget-wrap elementor-element-populated\">\n\t\t\t\t\t\t<div class=\"elementor-element elementor-element-928ac47 elementor-widget elementor-widget-heading\" data-id=\"928ac47\" data-element_type=\"widget\" data-widget_type=\"heading.default\">\n\t\t\t\t\t<h2 class=\"elementor-heading-title elementor-size-xl\"> Trabalhamos com rigor e efici\u00eancia<\/h2>\t\t\t\t<\/div>\n\t\t\t\t<div class=\"elementor-element elementor-element-1d3eab1c elementor-widget elementor-widget-text-editor\" data-id=\"1d3eab1c\" data-element_type=\"widget\" data-widget_type=\"text-editor.default\">\n\t\t\t\t\t\t\t\t\t<p>Prestamos servi\u00e7os de <b>manuten\u00e7\u00e3o e conserva\u00e7\u00e3o<\/b> de infraestruturas, assegurando que os edif\u00edcios e espa\u00e7os p\u00fablicos permanecem funcionais, seguros e atrativos ao longo do tempo.<\/p>\t\t\t\t\t\t\t\t<\/div>\n\t\t\t\t\t<\/div>\n\t\t<\/div>\n\t\t\t\t\t<\/div>\n\t\t<\/section>\n\t\t\t\t\t<\/div>\n\t\t<\/div>\n\t\t\t\t\t<\/div>\n\t\t<\/section>\n\t\t\t\t<section class=\"elementor-section elementor-top-section elementor-element elementor-element-c37eb6b elementor-section-boxed elementor-section-height-default elementor-section-height-default\" data-id=\"c37eb6b\" data-element_type=\"section\" data-settings=\"{&quot;background_background&quot;:&quot;classic&quot;}\">\n\t\t\t\t\t\t<div class=\"elementor-container elementor-column-gap-default\">\n\t\t\t\t\t<div class=\"elementor-column elementor-col-100 elementor-top-column elementor-element elementor-element-34b157e\" data-id=\"34b157e\" data-element_type=\"column\" data-settings=\"{&quot;background_background&quot;:&quot;classic&quot;}\">\n\t\t\t<div class=\"elementor-widget-wrap elementor-element-populated\">\n\t\t\t\t\t\t<section class=\"elementor-section elementor-inner-section elementor-element elementor-element-907f2c6 elementor-section-boxed elementor-section-height-default elementor-section-height-default elementor-invisible\" data-id=\"907f2c6\" data-element_type=\"section\" data-settings=\"{&quot;animation&quot;:&quot;fadeIn&quot;}\">\n\t\t\t\t\t\t<div class=\"elementor-container elementor-column-gap-default\">\n\t\t\t\t\t<div class=\"elementor-column elementor-col-66 elementor-inner-column elementor-element elementor-element-4d4d664\" data-id=\"4d4d664\" data-element_type=\"column\" data-settings=\"{&quot;background_background&quot;:&quot;classic&quot;}\">\n\t\t\t<div class=\"elementor-widget-wrap elementor-element-populated\">\n\t\t\t\t\t\t<div class=\"elementor-element elementor-element-6a85b60 elementor-widget elementor-widget-heading\" data-id=\"6a85b60\" data-element_type=\"widget\" data-widget_type=\"heading.default\">\n\t\t\t\t\t<h2 class=\"elementor-heading-title elementor-size-xl\">ELP Any Trade em Obras P\u00fablicas<\/h2>\t\t\t\t<\/div>\n\t\t\t\t<div class=\"elementor-element elementor-element-fc14077 elementor-widget elementor-widget-heading\" data-id=\"fc14077\" data-element_type=\"widget\" data-widget_type=\"heading.default\">\n\t\t\t\t\t<h3 class=\"elementor-heading-title elementor-size-default\">Somos especializados na execu\u00e7\u00e3o de obras p\u00fablicas, com experi\u00eancia comprovada em projetos de grande dimens\u00e3o.<\/h3>\t\t\t\t<\/div>\n\t\t\t\t<div class=\"elementor-element elementor-element-95c194e elementor-align-left elementor-widget elementor-widget-button\" data-id=\"95c194e\" data-element_type=\"widget\" data-widget_type=\"button.default\">\n\t\t\t\t\t\t\t\t\t\t<a class=\"elementor-button elementor-button-link elementor-size-sm\" href=\"https:\/\/desenvolvimentoweb.pt\/elp\/contactos\/\">\n\t\t\t\t\t\t<span class=\"elementor-button-content-wrapper\">\n\t\t\t\t\t\t\t\t\t<span class=\"elementor-button-text\">Fale Connosco<\/span>\n\t\t\t\t\t<\/span>\n\t\t\t\t\t<\/a>\n\t\t\t\t\t\t\t\t<\/div>\n\t\t\t\t\t<\/div>\n\t\t<\/div>\n\t\t\t\t<div class=\"elementor-column elementor-col-33 elementor-inner-column elementor-element elementor-element-c5c9f9d elementor-hidden-phone\" data-id=\"c5c9f9d\" data-element_type=\"column\">\n\t\t\t<div class=\"elementor-widget-wrap\">\n\t\t\t\t\t\t\t<\/div>\n\t\t<\/div>\n\t\t\t\t\t<\/div>\n\t\t<\/section>\n\t\t\t\t\t<\/div>\n\t\t<\/div>\n\t\t\t\t\t<\/div>\n\t\t<\/section>\n\t\t\t\t<\/div>\n\t\t","protected":false},"excerpt":{"rendered":"<div class=\"tmnf_excerpt\"><p>. Trabalhamos com rigor e efici\u00eancia Prestamos servi\u00e7os de manuten\u00e7\u00e3o e conserva\u00e7\u00e3o de infraestruturas, assegurando que os edif\u00edcios e espa\u00e7os p\u00fablicos permanecem funcionais, seguros e atrativos ao longo do tempo. ELP Any Trade em Obras P\u00fablicas Somos especializados na execu\u00e7\u00e3o de obras p\u00fablicas, com experi\u00eancia comprovada em projetos de grande dimens\u00e3o. Fale Connosco<\/p>\n<\/div>","protected":false},"author":2,"featured_media":0,"parent":7796,"menu_order":0,"comment_status":"closed","ping_status":"closed","template":"template-fullwidth-alt.php","meta":{"footnotes":""},"class_list":["post-7946","page","type-page","status-publish","hentry"],"_links":{"self":[{"href":"https:\/\/desenvolvimentoweb.pt\/elp\/wp-json\/wp\/v2\/pages\/7946","targetHints":{"allow":["GET"]}}],"collection":[{"href":"https:\/\/desenvolvimentoweb.pt\/elp\/wp-json\/wp\/v2\/pages"}],"about":[{"href":"https:\/\/desenvolvimentoweb.pt\/elp\/wp-json\/wp\/v2\/types\/page"}],"author":[{"embeddable":true,"href":"https:\/\/desenvolvimentoweb.pt\/elp\/wp-json\/wp\/v2\/users\/2"}],"replies":[{"embeddable":true,"href":"https:\/\/desenvolvimentoweb.pt\/elp\/wp-json\/wp\/v2\/comments?post=7946"}],"version-history":[{"count":4,"href":"https:\/\/desenvolvimentoweb.pt\/elp\/wp-json\/wp\/v2\/pages\/7946\/revisions"}],"predecessor-version":[{"id":7951,"href":"https:\/\/desenvolvimentoweb.pt\/elp\/wp-json\/wp\/v2\/pages\/7946\/revisions\/7951"}],"up":[{"embeddable":true,"href":"https:\/\/desenvolvimentoweb.pt\/elp\/wp-json\/wp\/v2\/pages\/7796"}],"wp:attachment":[{"href":"https:\/\/desenvolvimentoweb.pt\/elp\/wp-json\/wp\/v2\/media?parent=7946"}],"curies":[{"name":"wp","href":"https:\/\/api.w.org\/{rel}","templated":true}]}}